{"id":6782,"date":"2024-09-16T21:08:09","date_gmt":"2024-09-16T20:08:09","guid":{"rendered":"https:\/\/fridaybulletin.co.uk\/les-merites-du-vendredi\/"},"modified":"2026-02-21T12:59:08","modified_gmt":"2026-02-21T12:59:08","slug":"les-merites-du-vendredi","status":"publish","type":"page","link":"https:\/\/fridaybulletin.co.uk\/fr\/les-merites-du-vendredi\/","title":{"rendered":"Les m\u00e9rites du vendredi"},"content":{"rendered":"<div class=\"fusion-fullwidth fullwidth-box fusion-builder-row-1 fusion-flex-container has-pattern-background has-mask-background nonhundred-percent-fullwidth non-hundred-percent-height-scrolling\" style=\"--awb-border-radius-top-left:0px;--awb-border-radius-top-right:0px;--awb-border-radius-bottom-right:0px;--awb-border-radius-bottom-left:0px;--awb-margin-top:0px;--awb-flex-wrap:wrap;\" ><div class=\"fusion-builder-row fusion-row fusion-flex-align-items-center fusion-flex-content-wrap\" style=\"max-width:1438.5px;margin-left: calc(-5% \/ 2 );margin-right: calc(-5% \/ 2 );\"><div class=\"fusion-layout-column fusion_builder_column fusion-builder-column-0 fusion_builder_column_1_1 1_1 fusion-flex-column\" style=\"--awb-bg-size:cover;--awb-width-large:100%;--awb-margin-top-large:0px;--awb-spacing-right-large:2.375%;--awb-margin-bottom-large:0px;--awb-spacing-left-large:2.375%;--awb-width-medium:100%;--awb-order-medium:0;--awb-spacing-right-medium:2.375%;--awb-spacing-left-medium:2.375%;--awb-width-small:100%;--awb-order-small:0;--awb-spacing-right-small:2.375%;--awb-spacing-left-small:2.375%;\"><div class=\"fusion-column-wrapper fusion-column-has-shadow fusion-flex-justify-content-flex-start fusion-content-layout-column\"><div class=\"fusion-title title fusion-title-1 fusion-no-small-visibility fusion-sep-none fusion-title-center fusion-title-text fusion-title-size-two\" style=\"--awb-margin-bottom:45px;\"><h2 class=\"fusion-title-heading title-heading-center\" style=\"margin:0;text-transform:capitalize;\">Les m\u00e9rites du vendredi<\/h2><\/div><div class=\"fusion-title title fusion-title-2 fusion-no-medium-visibility fusion-no-large-visibility fusion-sep-none fusion-title-center fusion-title-text fusion-title-size-three\" style=\"--awb-margin-bottom:35px;--awb-margin-bottom-small:35px;\"><h3 class=\"fusion-title-heading title-heading-center sm-text-align-left\" style=\"margin:0;\">Your trusted source for breaking news and expert analysis<\/h3><\/div><div class=\"fusion-image-element \" style=\"text-align:center;--awb-margin-bottom:50px;--awb-caption-title-color:hsla(var(--awb-color1-h),var(--awb-color1-s),var(--awb-color1-l),calc(var(--awb-color1-a) - 100%));--awb-caption-overlay-color:var(--awb-color8);--awb-caption-title-font-family:var(--h2_typography-font-family);--awb-caption-title-font-weight:var(--h2_typography-font-weight);--awb-caption-title-font-style:var(--h2_typography-font-style);--awb-caption-title-size:var(--h2_typography-font-size);--awb-caption-title-transform:var(--h2_typography-text-transform);--awb-caption-title-line-height:var(--h2_typography-line-height);--awb-caption-title-letter-spacing:var(--h2_typography-letter-spacing);\"><span class=\" fusion-imageframe imageframe-none imageframe-1 hover-type-zoomin\" style=\"border-radius:20px;\"><img decoding=\"async\" width=\"1200\" height=\"500\" alt=\"The Qur&#039;an\" title=\"The Qur&rsquo;an\" src=\"https:\/\/fridaybulletin.co.uk\/wp-content\/uploads\/2024\/09\/about-friday.webp\" class=\"img-responsive wp-image-2235\" srcset=\"https:\/\/fridaybulletin.co.uk\/wp-content\/uploads\/2024\/09\/about-friday-200x83.webp 200w, https:\/\/fridaybulletin.co.uk\/wp-content\/uploads\/2024\/09\/about-friday-400x167.webp 400w, https:\/\/fridaybulletin.co.uk\/wp-content\/uploads\/2024\/09\/about-friday-600x250.webp 600w, https:\/\/fridaybulletin.co.uk\/wp-content\/uploads\/2024\/09\/about-friday-800x333.webp 800w, https:\/\/fridaybulletin.co.uk\/wp-content\/uploads\/2024\/09\/about-friday.webp 1200w\" sizes=\"(max-width: 800px) 100vw, 1200px\" \/><\/span><\/div><div class=\"fusion-text fusion-text-1\" style=\"--awb-content-alignment:center;--awb-font-size:40px;--awb-text-color:var(--awb-color4);\"><p>\u064a\u064e\u0627 \u0623\u064e\u064a\u0651\u064f\u0647\u064e\u0627 \u0627\u0644\u0651\u064e\u0630\u0650\u064a\u0646\u064e \u0622\u0645\u064e\u0646\u064f\u0648\u0627 \u0625\u0650\u0630\u064e\u0627 \u0646\u064f\u0648\u062f\u0650\u064a\u064e \u0644\u0650\u0644\u0635\u0651\u064e\u0644\u064e\u0627\u0629\u0650 \u0645\u0650\u0646\u0652 \u064a\u064e\u0648\u0652\u0645\u0650 \u0627\u0644\u0652\u062c\u064f\u0645\u064f\u0639\u064e\u0629\u0650 \u0641\u064e\u0627\u0633\u0652\u0639\u064e\u0648\u0652\u0627 \u0625\u0650\u0644\u064e\u0649 \u0630\u0650\u0643\u0652\u0631\u0650 \u0627\u0644\u0644\u0651\u064e\u0647\u0650 \u0648\u064e\u0630\u064e\u0631\u064f\u0648\u0627 \u0627\u0644\u0652\u0628\u064e\u064a\u0652\u0639\u064e \u0630\u064e\u0644\u0650\u0643\u064f\u0645\u0652 \u062e\u064e\u064a\u0652\u0631\u064c \u0644\u064e\u0643\u064f\u0645\u0652 \u0625\u0650\u0646\u0652 \u0643\u064f\u0646\u0652\u062a\u064f\u0645\u0652 \u062a\u064e\u0639\u0652\u0644\u064e\u0645\u064f\u0648\u0646\u064e<\/p>\n<\/div><div class=\"fusion-text fusion-text-2\" style=\"--awb-content-alignment:center;--awb-font-size:30px;--awb-text-color:var(--awb-color7);\"><p>\u00d4 vous qui croyez ! Lorsque l\u2019appel \u00e0 la pri\u00e8re est lanc\u00e9 le jour du vendredi, empressez-vous vers le rappel d\u2019Allah et laissez le commerce. Cela est meilleur pour vous, si seulement vous saviez.<\/p>\n<\/div><div class=\"fusion-text fusion-text-3 awb-text-cols fusion-text-columns-2\" style=\"--awb-font-size:20px;--awb-columns:2;--awb-column-spacing:2em;--awb-column-min-width:100px;\"><p>Le vendredi est le dernier jour de la semaine et il rev\u00eat une importance majeure pour les musulmans depuis les temps anciens, au point que le Proph\u00e8te Muhammad (SAWAS) l\u2019a qualifi\u00e9 de \u00ab chef des jours \u00bb et de \u00ab joie des jours \u00bb.<\/p>\n<p>Le Proph\u00e8te (SAWAS) a dit :<br \/>\u00ab Le vendredi est le chef de tous les jours et il est plus grand aupr\u00e8s d\u2019Allah, le Tr\u00e8s-Haut, que le jour de l\u2019A\u00efd al-Adh\u0101 et le jour de l\u2019A\u00efd al-Fitr. \u00bb<br \/>(<em>Bih\u0101r al-Anw\u0101r<\/em>, vol. 89, p. 267, hadith n\u00b0 5)<\/p>\n<p>Le vendredi est l\u2019une des quatre grandes occasions islamiques : l\u2019A\u00efd al-Fitr, l\u2019A\u00efd al-Adh\u0101, Ghadir et le vendredi. Sa vertu est mentionn\u00e9e dans de nombreuses sources jurisprudentielles. Dans plusieurs Hadiths, le vendredi est \u00e9galement d\u00e9sign\u00e9 comme le jour de la r\u00e9apparition de l\u2019Imam al-Mahdi (AS) ; c\u2019est pourquoi, pour les croyants dans l\u2019attente, il poss\u00e8de une valeur et un respect tout particuliers.<\/p>\n<p>Le rassemblement des musulmans en ce jour pour la pri\u00e8re en congr\u00e9gation constitue une autre raison de son importance.<\/p>\n<p>L\u2019Imam Ali (AS) a dit :<br \/>\u00ab Offrez \u00e0 vos familles quelques fruits chaque vendredi, afin qu\u2019ils se r\u00e9jouissent le vendredi. \u00bb<br \/>(<em>Ibid.<\/em>, vol. 104, p. 73, n\u00b0 24)<\/p>\n<p>L\u2019Imam al-Baqir (a.s.) a dit :<br \/>\u00ab Le bien comme le mal re\u00e7oivent une r\u00e9tribution doubl\u00e9e le vendredi. \u00bb<br \/>(<em>Ibid.<\/em>, vol. 89, p. 283, n\u00b0 28)<\/p>\n<p>L\u2019Imam al-Baqir (a.s.) a \u00e9galement dit :<br \/>\u00ab L\u2019aum\u00f4ne donn\u00e9e le vendredi est consid\u00e9r\u00e9e comme doubl\u00e9e, en raison de la sup\u00e9riorit\u00e9 du vendredi sur les autres jours. \u00bb<br \/>(<em>Thaw\u0101b al-A\u2018m\u0101l<\/em>, p. 220, n\u00b0 1)<\/p>\n<p>L\u2019Imam al-Sadiq (AS), \u00e0 propos de l\u2019importance du vendredi, a dit :<br \/>\u00ab Allah a choisi une chose parmi chaque chose, et parmi les jours, Il a choisi le vendredi. \u00bb<\/p>\n<\/div><\/div><\/div><\/div><\/div>\n","protected":false},"excerpt":{"rendered":"","protected":false},"author":3,"featured_media":0,"parent":0,"menu_order":0,"comment_status":"closed","ping_status":"closed","template":"100-width.php","meta":{"footnotes":""},"class_list":["post-6782","page","type-page","status-publish","hentry"],"_links":{"self":[{"href":"https:\/\/fridaybulletin.co.uk\/fr\/wp-json\/wp\/v2\/pages\/6782","targetHints":{"allow":["GET"]}}],"collection":[{"href":"https:\/\/fridaybulletin.co.uk\/fr\/wp-json\/wp\/v2\/pages"}],"about":[{"href":"https:\/\/fridaybulletin.co.uk\/fr\/wp-json\/wp\/v2\/types\/page"}],"author":[{"embeddable":true,"href":"https:\/\/fridaybulletin.co.uk\/fr\/wp-json\/wp\/v2\/users\/3"}],"replies":[{"embeddable":true,"href":"https:\/\/fridaybulletin.co.uk\/fr\/wp-json\/wp\/v2\/comments?post=6782"}],"version-history":[{"count":0,"href":"https:\/\/fridaybulletin.co.uk\/fr\/wp-json\/wp\/v2\/pages\/6782\/revisions"}],"wp:attachment":[{"href":"https:\/\/fridaybulletin.co.uk\/fr\/wp-json\/wp\/v2\/media?parent=6782"}],"curies":[{"name":"wp","href":"https:\/\/api.w.org\/{rel}","templated":true}]}}