{"id":6775,"date":"2023-03-16T16:53:01","date_gmt":"2023-03-16T16:53:01","guid":{"rendered":"https:\/\/fridaybulletin.co.uk\/a-propos-de-nous\/"},"modified":"2026-02-11T11:30:19","modified_gmt":"2026-02-11T11:30:19","slug":"a-propos-de-nous","status":"publish","type":"page","link":"https:\/\/fridaybulletin.co.uk\/fr\/a-propos-de-nous\/","title":{"rendered":"\u00c0 propos de nous"},"content":{"rendered":"<p><div class=\"fusion-fullwidth fullwidth-box fusion-builder-row-1 fusion-flex-container has-pattern-background has-mask-background nonhundred-percent-fullwidth non-hundred-percent-height-scrolling\" style=\"--awb-border-radius-top-left:0px;--awb-border-radius-top-right:0px;--awb-border-radius-bottom-right:0px;--awb-border-radius-bottom-left:0px;--awb-margin-top:0px;--awb-flex-wrap:wrap;\" ><div class=\"fusion-builder-row fusion-row fusion-flex-align-items-center fusion-flex-content-wrap\" style=\"max-width:1438.5px;margin-left: calc(-5% \/ 2 );margin-right: calc(-5% \/ 2 );\"><div class=\"fusion-layout-column fusion_builder_column fusion-builder-column-0 fusion_builder_column_1_2 1_2 fusion-flex-column fusion-flex-align-self-stretch\" style=\"--awb-bg-size:cover;--awb-width-large:50%;--awb-margin-top-large:0px;--awb-spacing-right-large:4.75%;--awb-margin-bottom-large:0px;--awb-spacing-left-large:4.75%;--awb-width-medium:50%;--awb-order-medium:0;--awb-spacing-right-medium:4.75%;--awb-spacing-left-medium:4.75%;--awb-width-small:100%;--awb-order-small:0;--awb-spacing-right-small:2.375%;--awb-spacing-left-small:2.375%;\"><div class=\"fusion-column-wrapper fusion-column-has-shadow fusion-flex-justify-content-flex-start fusion-content-layout-column\"><div class=\"fusion-image-element \" style=\"--awb-aspect-ratio: 100 \/ 77;--awb-mask-url: url(https:\/\/fridaybulletin.co.uk\/wp-content\/plugins\/fusion-builder\/\/assets\/images\/masks\/mask-7.svg);--awb-mask-size: 550px;--awb-mask-position: top center;--awb-caption-title-font-family:var(--h2_typography-font-family);--awb-caption-title-font-weight:var(--h2_typography-font-weight);--awb-caption-title-font-style:var(--h2_typography-font-style);--awb-caption-title-size:var(--h2_typography-font-size);--awb-caption-title-transform:var(--h2_typography-text-transform);--awb-caption-title-line-height:var(--h2_typography-line-height);--awb-caption-title-letter-spacing:var(--h2_typography-letter-spacing);\"><span class=\" fusion-imageframe imageframe-none imageframe-1 hover-type-none has-mask has-aspect-ratio\"><img decoding=\"async\" width=\"700\" height=\"700\" alt=\"The Qur&#039;an\" title=\"The Qur&rsquo;an\" src=\"https:\/\/fridaybulletin.co.uk\/wp-content\/uploads\/2024\/09\/The-Quran.webp\" class=\"img-responsive wp-image-2238 img-with-aspect-ratio\" data-parent-fit=\"cover\" data-parent-container=\".fusion-image-element\" srcset=\"https:\/\/fridaybulletin.co.uk\/wp-content\/uploads\/2024\/09\/The-Quran-200x200.webp 200w, https:\/\/fridaybulletin.co.uk\/wp-content\/uploads\/2024\/09\/The-Quran-400x400.webp 400w, https:\/\/fridaybulletin.co.uk\/wp-content\/uploads\/2024\/09\/The-Quran-600x600.webp 600w, https:\/\/fridaybulletin.co.uk\/wp-content\/uploads\/2024\/09\/The-Quran.webp 700w\" sizes=\"(max-width: 800px) 100vw, 700px\" \/><\/span><\/div><\/div><\/div><div class=\"fusion-layout-column fusion_builder_column fusion-builder-column-1 fusion_builder_column_1_2 1_2 fusion-flex-column\" style=\"--awb-bg-size:cover;--awb-width-large:50%;--awb-margin-top-large:0px;--awb-spacing-right-large:4.75%;--awb-margin-bottom-large:0px;--awb-spacing-left-large:4.75%;--awb-width-medium:50%;--awb-order-medium:0;--awb-spacing-right-medium:4.75%;--awb-spacing-left-medium:4.75%;--awb-width-small:100%;--awb-order-small:0;--awb-margin-top-small:35px;--awb-spacing-right-small:2.375%;--awb-spacing-left-small:2.375%;\"><div class=\"fusion-column-wrapper fusion-column-has-shadow fusion-flex-justify-content-flex-start fusion-content-layout-column\"><div class=\"fusion-title title fusion-title-1 fusion-sep-none fusion-title-text fusion-title-size-two\"><h2 class=\"fusion-title-heading title-heading-left\" style=\"margin:0;text-transform:capitalize;\">\u00c0 propos du Friday Bulletin<\/h2><\/div><div class=\"fusion-text fusion-text-1\"><p>Le site <strong>fridaybulletin.co.uk<\/strong> a \u00e9t\u00e9 con\u00e7u et lanc\u00e9 comme une plateforme sp\u00e9cialis\u00e9e pour la publication du magazine <em>International Friday Bulletin<\/em>. Ce magazine est mis \u00e0 jour r\u00e9guli\u00e8rement chaque semaine ; le dernier num\u00e9ro est publi\u00e9 le mercredi, puis mis en ligne sur le site. L\u2019objectif principal de ce site est d\u2019offrir un acc\u00e8s simple et efficace \u00e0 des contenus religieux, culturels et sociaux d\u2019une grande importance.<\/p>\n<p>Sur la page d\u2019accueil, le dernier num\u00e9ro du magazine est affich\u00e9 de mani\u00e8re bien visible. En outre, les cinq num\u00e9ros pr\u00e9c\u00e9dents sont pr\u00e9sent\u00e9s par ordre chronologique au bas de la premi\u00e8re page, afin de permettre un acc\u00e8s rapide aux utilisateurs.<\/p>\n<p>Les num\u00e9ros plus anciens sont transf\u00e9r\u00e9s vers la section <strong>Archives<\/strong>, permettant ainsi aux utilisateurs de consulter les \u00e9ditions pass\u00e9es selon leurs besoins.<\/p>\n<\/div><div class=\"fusion-text fusion-text-2\"><\/div><\/div><\/div><\/div><\/div><div class=\"fusion-fullwidth fullwidth-box fusion-builder-row-2 fusion-flex-container has-pattern-background has-mask-background nonhundred-percent-fullwidth non-hundred-percent-height-scrolling\" style=\"--awb-border-radius-top-left:0px;--awb-border-radius-top-right:0px;--awb-border-radius-bottom-right:0px;--awb-border-radius-bottom-left:0px;--awb-margin-top:30px;--awb-flex-wrap:wrap;\" ><div class=\"fusion-builder-row fusion-row fusion-flex-align-items-flex-start fusion-flex-justify-content-center fusion-flex-content-wrap\" style=\"max-width:1438.5px;margin-left: calc(-5% \/ 2 );margin-right: calc(-5% \/ 2 );\"><div class=\"fusion-layout-column fusion_builder_column fusion-builder-column-2 fusion_builder_column_4_5 4_5 fusion-flex-column\" style=\"--awb-bg-size:cover;--awb-width-large:80%;--awb-margin-top-large:0px;--awb-spacing-right-large:2.96875%;--awb-margin-bottom-large:0px;--awb-spacing-left-large:2.96875%;--awb-width-medium:80%;--awb-order-medium:0;--awb-spacing-right-medium:2.96875%;--awb-spacing-left-medium:2.96875%;--awb-width-small:100%;--awb-order-small:0;--awb-spacing-right-small:2.375%;--awb-spacing-left-small:2.375%;\"><div class=\"fusion-column-wrapper fusion-column-has-shadow fusion-flex-justify-content-flex-start fusion-content-layout-column\"><div class=\"fusion-text fusion-text-3\"><p>Le contenu de l\u2019<em>International Friday Bulletin<\/em> couvre un large \u00e9ventail de sujets, principalement destin\u00e9s aux responsables de la pri\u00e8re du vendredi, aux religieux et aux orateurs. Toutefois, la structure du contenu le rend \u00e9galement utile et accessible au grand public. Les diff\u00e9rentes rubriques du bulletin comprennent notamment:<\/p>\n<\/div><ul style=\"--awb-item-padding-top:10px;--awb-line-height:27.2px;--awb-icon-width:27.2px;--awb-icon-height:27.2px;--awb-icon-margin:11.2px;--awb-content-margin:38.4px;--awb-circlecolor:#9e1c1f;--awb-circle-yes-font-size:14.08px;\" class=\"fusion-checklist fusion-checklist-1 type-numbered\"><li class=\"fusion-li-item\" style=\"\"><span class=\"icon-wrapper circle-yes\">1<\/span><div class=\"fusion-li-item-content\"><strong>\u00c9ditorial<\/strong>: analyses et r\u00e9flexions sur les questions d\u2019actualit\u00e9.<\/div><\/li><li class=\"fusion-li-item\" style=\"\"><span class=\"icon-wrapper circle-yes\">2<\/span><div class=\"fusion-li-item-content\">\n<p><strong>Th\u00e8me de la semaine<\/strong> : sujets cl\u00e9s et principaux enjeux religieux et sociaux.<\/p>\n<\/div><\/li><li class=\"fusion-li-item\" style=\"\"><span class=\"icon-wrapper circle-yes\">3<\/span><div class=\"fusion-li-item-content\">\n<p><strong>Verset de la semaine<\/strong> : r\u00e9flexions autour de versets du Coran.<\/p>\n<\/div><\/li><li class=\"fusion-li-item\" style=\"\"><span class=\"icon-wrapper circle-yes\">4<\/span><div class=\"fusion-li-item-content\">\n<p><strong>Hadith de la semaine<\/strong> : narrations issues des hadiths islamiques authentiques.<\/p>\n<\/div><\/li><li class=\"fusion-li-item\" style=\"\"><span class=\"icon-wrapper circle-yes\">5<\/span><div class=\"fusion-li-item-content\">\n<p><strong>Panel de fatwas<\/strong>: r\u00e9ponses aux questions religieuses et jurisprudentielles du public.<\/p>\n<\/div><\/li><li class=\"fusion-li-item\" style=\"\"><span class=\"icon-wrapper circle-yes\">6<\/span><div class=\"fusion-li-item-content\">\n<p><strong>Exp\u00e9riences d\u2019action religieuse<\/strong> : entretiens et discussions avec des personnalit\u00e9s \u00e9minentes.<\/p>\n<\/div><\/li><li class=\"fusion-li-item\" style=\"\"><span class=\"icon-wrapper circle-yes\">7<\/span><div class=\"fusion-li-item-content\">\n<p><strong>Livre de la semaine<\/strong> : pr\u00e9sentations et critiques d\u2019ouvrages religieux et culturels.<\/p>\n<\/div><\/li><li class=\"fusion-li-item\" style=\"\"><span class=\"icon-wrapper circle-yes\">8<\/span><div class=\"fusion-li-item-content\">\n<p><strong>R\u00e9cits inspirants<\/strong>: histoires et r\u00e9cits porteurs de messages moraux et spirituels.<\/p>\n<\/div><\/li><\/ul><div class=\"fusion-text fusion-text-4\" style=\"--awb-margin-top:30px;\"><p>L\u2019un des principaux atouts du site r\u00e9side dans la cat\u00e9gorisation pr\u00e9cise et la haute qualit\u00e9 de son contenu, ce qui en fait une source fiable et digne de confiance pour la pr\u00e9paration de discours, de sermons et de pr\u00e9sentations religieuses.<\/p>\n<\/div><\/div><\/div><\/div><\/div><\/p>\n","protected":false},"excerpt":{"rendered":"","protected":false},"author":3,"featured_media":0,"parent":0,"menu_order":0,"comment_status":"closed","ping_status":"closed","template":"100-width.php","meta":{"footnotes":""},"class_list":["post-6775","page","type-page","status-publish","hentry"],"_links":{"self":[{"href":"https:\/\/fridaybulletin.co.uk\/fr\/wp-json\/wp\/v2\/pages\/6775","targetHints":{"allow":["GET"]}}],"collection":[{"href":"https:\/\/fridaybulletin.co.uk\/fr\/wp-json\/wp\/v2\/pages"}],"about":[{"href":"https:\/\/fridaybulletin.co.uk\/fr\/wp-json\/wp\/v2\/types\/page"}],"author":[{"embeddable":true,"href":"https:\/\/fridaybulletin.co.uk\/fr\/wp-json\/wp\/v2\/users\/3"}],"replies":[{"embeddable":true,"href":"https:\/\/fridaybulletin.co.uk\/fr\/wp-json\/wp\/v2\/comments?post=6775"}],"version-history":[{"count":0,"href":"https:\/\/fridaybulletin.co.uk\/fr\/wp-json\/wp\/v2\/pages\/6775\/revisions"}],"wp:attachment":[{"href":"https:\/\/fridaybulletin.co.uk\/fr\/wp-json\/wp\/v2\/media?parent=6775"}],"curies":[{"name":"wp","href":"https:\/\/api.w.org\/{rel}","templated":true}]}}